{"id":2644,"date":"2023-11-10T15:44:12","date_gmt":"2023-11-10T15:44:12","guid":{"rendered":"https:\/\/demo.ergonstp.com\/?page_id=2644"},"modified":"2025-02-25T14:04:10","modified_gmt":"2025-02-25T14:04:10","slug":"servizio-caf","status":"publish","type":"page","link":"https:\/\/demo.ergonstp.com\/index.php\/servizi\/servizio-caf\/","title":{"rendered":"Servizio CAF"},"content":{"rendered":"<div class=\"fusion-fullwidth fullwidth-box fusion-builder-row-1 fusion-flex-container has-mask-background nonhundred-percent-fullwidth non-hundred-percent-height-scrolling\" style=\"--awb-background-position:right bottom;--awb-border-radius-top-left:0px;--awb-border-radius-top-right:0px;--awb-border-radius-bottom-right:0px;--awb-border-radius-bottom-left:0px;--awb-padding-top:20px;--awb-padding-bottom:20px;--awb-margin-bottom:0px;--awb-background-image:linear-gradient(180deg, hsla(var(--awb-color1-h),var(--awb-color1-s),var(--awb-color1-l),calc(var(--awb-color1-a) - 20%)) 0%,hsla(var(--awb-color1-h),var(--awb-color1-s),var(--awb-color1-l),calc(var(--awb-color1-a) - 20%)) 100%);--awb-flex-wrap:wrap;\" ><div class=\"awb-background-mask\" style=\"background-image:  url(data:image\/svg+xml;utf8,%3Csvg%20width%3D%221920%22%20height%3D%22954%22%20fill%3D%22none%22%20xmlns%3D%22http%3A%2F%2Fwww.w3.org%2F2000%2Fsvg%22%3E%3Cpath%20d%3D%22M1102.98%20835l69.98%20119H1033l69.98-119z%22%20fill%3D%22rgba%28244%2C244%2C244%2C1%29%22%20fill-opacity%3D%22.1%22%2F%3E%3Cpath%20d%3D%22M1382.91%20834.998l69.99%20119h-139.97l69.98-119z%22%20fill%3D%22rgba%28244%2C244%2C244%2C1%29%22%20fill-opacity%3D%22.24%22%2F%3E%3Cpath%20d%3D%22M1452.9%20954l69.98-119h-139.97l69.99%20119z%22%20fill%3D%22rgba%28244%2C244%2C244%2C1%29%22%2F%3E%3Cpath%20d%3D%22M1172.96%20954l-69.98-119h139.97l-69.99%20119z%22%20fill%3D%22rgba%28244%2C244%2C244%2C1%29%22%20fill-opacity%3D%22.4%22%2F%3E%3Cpath%20d%3D%22M1032.98%20715.941l-69.98%20119h139.96l-69.98-119z%22%20fill%3D%22rgba%28244%2C244%2C244%2C1%29%22%20fill-opacity%3D%22.12%22%2F%3E%3Cpath%20d%3D%22M1522.88%20834.998l-69.99%20119h139.97l-69.98-119z%22%20fill%3D%22rgba%28244%2C244%2C244%2C1%29%22%2F%3E%3Cpath%20d%3D%22M1172.96%20715.5l69.99%20119.5h-139.97l69.98-119.5z%22%20fill%3D%22rgba%28244%2C244%2C244%2C1%29%22%20fill-opacity%3D%22.55%22%2F%3E%3Cpath%20d%3D%22M1242.95%20835l69.98-119.5h-139.97l69.99%20119.5z%22%20fill%3D%22rgba%28244%2C244%2C244%2C1%29%22%2F%3E%3Cpath%20d%3D%22M1312.98%20953.5l69.98-119.5H1243l69.98%20119.5z%22%20fill%3D%22rgba%28244%2C244%2C244%2C1%29%22%2F%3E%3Cpath%20d%3D%22M1102.98%20834.998l69.98-119.5H1033l69.98%20119.5z%22%20fill%3D%22rgba%28244%2C244%2C244%2C1%29%22%20fill-opacity%3D%22.25%22%2F%3E%3Cpath%20d%3D%22M1312.93%20715.5L1242.95%20835h139.96l-69.98-119.5zm139.96%200L1382.91%20835h139.97l-69.99-119.5z%22%20fill%3D%22rgba%28244%2C244%2C244%2C1%29%22%2F%3E%3Cpath%20d%3D%22M1382.91%20834.998l-69.98-119.5h139.97l-69.99%20119.5z%22%20fill%3D%22rgba%28244%2C244%2C244%2C1%29%22%20fill-opacity%3D%22.85%22%2F%3E%3Cpath%20d%3D%22M1172.96%20596.5l69.99%20119h-139.97l69.98-119z%22%20fill%3D%22rgba%28244%2C244%2C244%2C1%29%22%20fill-opacity%3D%22.75%22%2F%3E%3Cpath%20d%3D%22M1522.88%20834.998l69.98-119.5H1452.9l69.98%20119.5z%22%20fill%3D%22rgba%28244%2C244%2C244%2C1%29%22%2F%3E%3Cpath%20d%3D%22M1242.95%20715.5l69.98-119h-139.97l69.99%20119z%22%20fill%3D%22rgba%28244%2C244%2C244%2C1%29%22%20fill-opacity%3D%22.85%22%2F%3E%3Cpath%20d%3D%22M1452.9%20596.5l69.98%20119h-139.97l69.99-119z%22%20fill%3D%22rgba%28244%2C244%2C244%2C1%29%22%2F%3E%3Cpath%20d%3D%22M1522.88%20715.5l69.98-119H1452.9l69.98%20119zm-209.95-119l69.98%20119h-139.96l69.98-119z%22%20fill%3D%22rgba%28244%2C244%2C244%2C1%29%22%2F%3E%3Cpath%20d%3D%22M1382.91%20715.5l69.99-119h-139.97l69.98%20119z%22%20fill%3D%22rgba%28244%2C244%2C244%2C1%29%22%2F%3E%3Cpath%20d%3D%22M1242.98%20596.5l69.98-119.5H1173l69.98%20119.5z%22%20fill%3D%22rgba%28244%2C244%2C244%2C1%29%22%20fill-opacity%3D%22.7%22%2F%3E%3Cpath%20d%3D%22M1032.98%20477l69.98%20119.5H963l69.98-119.5z%22%20fill%3D%22rgba%28244%2C244%2C244%2C1%29%22%20fill-opacity%3D%22.05%22%2F%3E%3Cpath%20d%3D%22M1452.9%20477l69.98%20119.5h-139.97L1452.9%20477z%22%20fill%3D%22rgba%28244%2C244%2C244%2C1%29%22%2F%3E%3Cpath%20d%3D%22M1522.88%20596.5l69.98-119.5H1452.9l69.98%20119.5z%22%20fill%3D%22rgba%28244%2C244%2C244%2C1%29%22%2F%3E%3Cpath%20d%3D%22M1312.93%20477l69.98%20119.5h-139.96l69.98-119.5z%22%20fill%3D%22rgba%28244%2C244%2C244%2C1%29%22%20fill-opacity%3D%22.9%22%2F%3E%3Cpath%20d%3D%22M1382.91%20596.5L1452.9%20477h-139.97l69.98%20119.5z%22%20fill%3D%22rgba%28244%2C244%2C244%2C1%29%22%2F%3E%3Cpath%20d%3D%22M1102.98%20119.002l69.98-119H1033l69.98%20119z%22%20fill%3D%22rgba%28244%2C244%2C244%2C1%29%22%20fill-opacity%3D%22.1%22%2F%3E%3Cpath%20d%3D%22M1452.89%200l69.99%20119h-139.97l69.98-119zm-209.94%20119l69.98-119h-139.97l69.99%20119z%22%20fill%3D%22rgba%28244%2C244%2C244%2C1%29%22%2F%3E%3Cpath%20d%3D%22M1382.98%20119l69.98-119H1313l69.98%20119z%22%20fill%3D%22rgba%28244%2C244%2C244%2C1%29%22%2F%3E%3Cpath%20d%3D%22M1312.93%200l69.98%20119h-139.96l69.98-119z%22%20fill%3D%22rgba%28244%2C244%2C244%2C1%29%22%20fill-opacity%3D%22.7%22%2F%3E%3Cpath%20d%3D%22M1172.96%200l-69.98%20119h139.97L1172.96%200z%22%20fill%3D%22rgba%28244%2C244%2C244%2C1%29%22%20fill-opacity%3D%22.25%22%2F%3E%3Cpath%20d%3D%22M1522.88%20119.002l-69.99-119h139.97l-69.98%20119zM1242.96%20119l69.99%20119.5h-139.97l69.98-119.5z%22%20fill%3D%22rgba%28244%2C244%2C244%2C1%29%22%2F%3E%3Cpath%20d%3D%22M1172.98%20238.5l69.98-119.5H1103l69.98%20119.5z%22%20fill%3D%22rgba%28244%2C244%2C244%2C1%29%22%20fill-opacity%3D%22.42%22%2F%3E%3Cpath%20d%3D%22M1032.98%20238.5l69.98-119.5H963l69.98%20119.5z%22%20fill%3D%22rgba%28244%2C244%2C244%2C1%29%22%20fill-opacity%3D%22.24%22%2F%3E%3Cpath%20d%3D%22M1312.93%20238.5L1242.95%20119h139.96l-69.98%20119.5zm139.96%200L1382.91%20119h139.97l-69.99%20119.5zm-69.98-119.498l-69.98%20119.5h139.96l-69.98-119.5z%22%20fill%3D%22rgba%28244%2C244%2C244%2C1%29%22%2F%3E%3Cpath%20d%3D%22M1172.96%20357.5l69.99-119h-139.97l69.98%20119z%22%20fill%3D%22rgba%28244%2C244%2C244%2C1%29%22%20fill-opacity%3D%22.15%22%2F%3E%3Cpath%20d%3D%22M1522.88%20119.002l69.98%20119.5h-139.97l69.99-119.5z%22%20fill%3D%22rgba%28244%2C244%2C244%2C1%29%22%2F%3E%3Cpath%20d%3D%22M1242.95%20238.5l69.98%20119h-139.97l69.99-119z%22%20fill%3D%22rgba%28244%2C244%2C244%2C1%29%22%20fill-opacity%3D%22.65%22%2F%3E%3Cpath%20d%3D%22M1452.89%20357.5l69.99-119h-139.97l69.98%20119zm69.99-119l69.98%20119h-139.97l69.99-119zm-209.95%20119l69.98-119h-139.96l69.98%20119z%22%20fill%3D%22rgba%28244%2C244%2C244%2C1%29%22%2F%3E%3Cpath%20d%3D%22M1382.91%20238.5l69.98%20119h-139.96l69.98-119z%22%20fill%3D%22rgba%28244%2C244%2C244%2C1%29%22%2F%3E%3Cpath%20d%3D%22M1102.98%20357.5l69.98%20119.5H1033l69.98-119.5z%22%20fill%3D%22rgba%28244%2C244%2C244%2C1%29%22%20fill-opacity%3D%22.3%22%2F%3E%3Cpath%20d%3D%22M1312.98%20477l69.98-119.5H1243l69.98%20119.5z%22%20fill%3D%22rgba%28244%2C244%2C244%2C1%29%22%20fill-opacity%3D%22.85%22%2F%3E%3Cpath%20d%3D%22M1172.96%20477l69.99-119.5h-139.97l69.98%20119.5z%22%20fill%3D%22rgba%28244%2C244%2C244%2C1%29%22%20fill-opacity%3D%22.75%22%2F%3E%3Cpath%20d%3D%22M1452.89%20477l69.99-119.5h-139.97l69.98%20119.5zm69.99-119.5l69.98%20119.5h-139.97l69.99-119.5z%22%20fill%3D%22rgba%28244%2C244%2C244%2C1%29%22%2F%3E%3Cpath%20d%3D%22M1382.91%20357.5l69.98%20119.5h-139.96l69.98-119.5zM1490%200h430v954h-430V0z%22%20fill%3D%22rgba%28244%2C244%2C244%2C1%29%22%2F%3E%3C%2Fsvg%3E);transform: scale(-1, -1);\"><\/div><div class=\"fusion-builder-row fusion-row fusion-flex-align-items-flex-start fusion-flex-content-wrap\" style=\"max-width:1352px;margin-left: calc(-4% \/ 2 );margin-right: calc(-4% \/ 2 );\"><div class=\"fusion-layout-column fusion_builder_column fusion-builder-column-0 fusion_builder_column_1_1 1_1 fusion-flex-column\" style=\"--awb-bg-size:cover;--awb-border-color:var(--awb-color3);--awb-border-style:solid;--awb-width-large:100%;--awb-margin-top-large:0px;--awb-spacing-right-large:1.92%;--awb-margin-bottom-large:0px;--awb-spacing-left-large:1.92%;--awb-width-medium:100%;--awb-order-medium:0;--awb-spacing-right-medium:1.92%;--awb-spacing-left-medium:1.92%;--awb-width-small:100%;--awb-order-small:0;--awb-spacing-right-small:1.92%;--awb-spacing-left-small:1.92%;\"><div class=\"fusion-column-wrapper fusion-column-has-shadow fusion-flex-justify-content-flex-start fusion-content-layout-column\"><div class=\"fusion-builder-row fusion-builder-row-inner fusion-row fusion-flex-align-items-flex-start fusion-flex-content-wrap\" style=\"width:104% !important;max-width:104% !important;margin-left: calc(-4% \/ 2 );margin-right: calc(-4% \/ 2 );\"><div class=\"fusion-layout-column fusion_builder_column_inner fusion-builder-nested-column-0 fusion_builder_column_inner_1_2 1_2 fusion-flex-column fusion-flex-align-self-stretch\" style=\"--awb-bg-size:cover;--awb-width-large:50%;--awb-margin-top-large:0px;--awb-spacing-right-large:3.84%;--awb-margin-bottom-large:0px;--awb-spacing-left-large:3.84%;--awb-width-medium:50%;--awb-order-medium:0;--awb-spacing-right-medium:3.84%;--awb-spacing-left-medium:3.84%;--awb-width-small:100%;--awb-order-small:0;--awb-spacing-right-small:1.92%;--awb-spacing-left-small:1.92%;\"><div class=\"fusion-column-wrapper fusion-column-has-shadow fusion-flex-justify-content-center fusion-content-layout-column\"><div class=\"fusion-title title fusion-title-1 fusion-sep-none fusion-title-text fusion-title-size-four\"><h4 class=\"fusion-title-heading title-heading-left fusion-responsive-typography-calculated\" style=\"margin:0;text-transform:capitalize;--fontSize:30;--minFontSize:30;line-height:var(--awb-typography1-line-height);\">Servizio CAF 730 \/2023<\/h4><\/div><div class=\"fusion-text fusion-text-1\" style=\"--awb-font-size:30px;--awb-line-height:var(--awb-typography1-line-height);--awb-letter-spacing:var(--awb-typography1-letter-spacing);--awb-text-transform:var(--awb-typography1-text-transform);--awb-text-color:var(--awb-color5);--awb-margin-top:20px;--awb-text-font-family:var(--awb-typography1-font-family);--awb-text-font-weight:var(--awb-typography1-font-weight);--awb-text-font-style:var(--awb-typography1-font-style);\"><h6>Informiamo che la CAMPAGNA CAF 2023 inizia il 17 aprile e termina il 25 giugno p.v.<br \/>\nI clienti potranno, preparando anticipatamente i consueti documenti ai quali aggiungere la\/e delega\/e compilata e firmata in originale corredata da un documento di identit\u00e0 in corso di validit\u00e0, scegliere tra le seguenti modalit\u00e0:<\/h6>\n<\/div><div class=\"fusion-title title fusion-title-2 fusion-sep-none fusion-title-text fusion-title-size-four\"><h4 class=\"fusion-title-heading title-heading-left fusion-responsive-typography-calculated\" style=\"margin:0;text-transform:capitalize;--fontSize:30;--minFontSize:30;line-height:var(--awb-typography1-line-height);\">Comunicazione per i clienti<\/h4><\/div><ul style=\"--awb-iconcolor:var(--awb-color4);--awb-line-height:30.6px;--awb-icon-width:30.6px;--awb-icon-height:30.6px;--awb-icon-margin:12.6px;--awb-content-margin:43.2px;\" class=\"fusion-checklist fusion-checklist-1 fusion-checklist-default type-icons\"><li class=\"fusion-li-item\" style=\"\"><span class=\"icon-wrapper circle-no\"><i class=\"fusion-li-icon fa-circle fas\" aria-hidden=\"true\"><\/i><\/span><div class=\"fusion-li-item-content\">\n<p><strong>MAIL<\/strong>: inviare tutto alla casella mail dedicata <a href=\"mailto:modello730@ergonstp.it\"><strong>modello730@ergonstp.it<\/strong><\/a> unitamente alla copia del bonifico a saldo della prestazione. Eventuali quesiti verranno gestiti via mail.<\/p>\n<\/div><\/li><li class=\"fusion-li-item\" style=\"\"><span class=\"icon-wrapper circle-no\"><i class=\"fusion-li-icon fa-circle fas\" aria-hidden=\"true\"><\/i><\/span><div class=\"fusion-li-item-content\">\n<p><strong>DOCUMENTI CARTACEI<\/strong>: la documentazione potr\u00e0 essere consegnata in busta chiusa alla <strong>reception di via Crispi, 7<\/strong>. (da Luned\u00ec al Venerd\u00ec dalle 10.00 \u2013 13.00). Il pagamento potr\u00e0 essere fatto a mezzo bancomat o bonifico.<\/p>\n<\/div><\/li><\/ul><\/div><\/div><div class=\"fusion-layout-column fusion_builder_column_inner fusion-builder-nested-column-1 fusion_builder_column_inner_1_2 1_2 fusion-flex-column fusion-flex-align-self-flex-start\" style=\"--awb-bg-image:linear-gradient(180deg, rgba(255,255,255,0) 51%,var(--awb-color4) 100%);;--awb-bg-size:cover;--awb-width-large:50%;--awb-margin-top-large:0px;--awb-spacing-right-large:3.84%;--awb-margin-bottom-large:0px;--awb-spacing-left-large:3.84%;--awb-width-medium:50%;--awb-order-medium:0;--awb-spacing-right-medium:3.84%;--awb-spacing-left-medium:3.84%;--awb-width-small:100%;--awb-order-small:0;--awb-spacing-right-small:1.92%;--awb-spacing-left-small:1.92%;\" data-scroll-devices=\"small-visibility,medium-visibility,large-visibility\"><div class=\"fusion-column-wrapper lazyload fusion-column-has-shadow fusion-flex-justify-content-flex-start fusion-content-layout-row fusion-content-nowrap fusion-empty-column-bg-image fusion-column-has-bg-image\" data-bg-url=\"https:\/\/demo.ergonstp.com\/wp-content\/uploads\/2024\/05\/impiegate.jpg\" data-bg=\"https:\/\/demo.ergonstp.com\/wp-content\/uploads\/2024\/05\/impiegate.jpg\" data-bg-gradient=\"linear-gradient(180deg, rgba(255,255,255,0) 51%,var(--awb-color4) 100%)\"><img decoding=\"async\" class=\"fusion-empty-dims-img-placeholder\" aria-label=\"impiegate\" src=\"data:image\/svg+xml,%3Csvg%20xmlns%3D%27http%3A%2F%2Fwww.w3.org%2F2000%2Fsvg%27%20width%3D%27860%27%20height%3D%27692%27%20viewBox%3D%270%200%20860%20692%27%3E%3Crect%20width%3D%27860%27%20height%3D%27692%27%20fill-opacity%3D%220%22%2F%3E%3C%2Fsvg%3E\"><\/div><\/div><\/div><\/div><\/div><div class=\"fusion-layout-column fusion_builder_column fusion-builder-column-1 fusion_builder_column_1_2 1_2 fusion-flex-column\" style=\"--awb-bg-size:cover;--awb-width-large:50%;--awb-margin-top-large:0px;--awb-spacing-right-large:3.84%;--awb-margin-bottom-large:20px;--awb-spacing-left-large:3.84%;--awb-width-medium:50%;--awb-order-medium:0;--awb-spacing-right-medium:3.84%;--awb-spacing-left-medium:3.84%;--awb-width-small:100%;--awb-order-small:0;--awb-spacing-right-small:1.92%;--awb-spacing-left-small:1.92%;\"><div class=\"fusion-column-wrapper fusion-column-has-shadow fusion-flex-justify-content-flex-start fusion-content-layout-column\"><div class=\"fusion-reading-box-container reading-box-container-1 fusion-animated\" style=\"--awb-title-color:var(--awb-color7);--awb-margin-top:80px;--awb-margin-bottom:20px;\" data-animationType=\"slideInLeft\" data-animationDuration=\"0.8\" data-animationDelay=\"0.3\" data-animationOffset=\"top-into-view\"><div class=\"reading-box\" style=\"background-color:var(--awb-color3);border-width:3px;border-color:rgba(226,226,226,0);border-left-width:3px;border-left-color:var(--primary_color);border-style:solid;\"><div class=\"reading-box-additional\">\n<p>Gli importi per il saldo della elaborazione del 730 sono i seguenti:<br \/>\n\u2022 elaborazione dichiarazione singola da\u00a0<strong>\u20ac 105,00<\/strong>.-<br \/>\n\u2022 elaborazione dichiarazione congiunta da\u00a0<strong>\u20ac 175,00<\/strong>.-<\/p>\n<\/div><div class=\"fusion-clearfix\"><\/div><\/div><svg style=\"opacity:0.7;\" xmlns=\"http:\/\/www.w3.org\/2000\/svg\" version=\"1.1\" width=\"100%\" viewBox=\"0 0 600 28\" preserveAspectRatio=\"none\"><g clip-path=\"url(#a)\"><mask id=\"b\" style=\"mask-type:luminance\" maskUnits=\"userSpaceOnUse\" x=\"0\" y=\"0\" width=\"600\" height=\"28\"><path d=\"M0 0h600v28H0V0Z\" fill=\"#fff\"\/><\/mask><g filter=\"url(#c)\" mask=\"url(#b)\"><path d=\"M16.439-18.667h567.123v30.8S438.961-8.4 300-8.4C161.04-8.4 16.438 12.133 16.438 12.133v-30.8Z\" fill=\"#000\"\/><\/g><\/g><defs><clipPath id=\"a\"><path fill=\"#fff\" d=\"M0 0h600v28H0z\"\/><\/clipPath><filter id=\"c\" x=\"5.438\" y=\"-29.667\" width=\"589.123\" height=\"52.8\" filterUnits=\"userSpaceOnUse\" color-interpolation-filters=\"sRGB\"><feFlood flood-opacity=\"0\" result=\"BackgroundImageFix\"\/><feBlend in=\"SourceGraphic\" in2=\"BackgroundImageFix\" result=\"shape\"\/><feGaussianBlur stdDeviation=\"5.5\" result=\"effect1_foregroundBlur_3983_183\"\/><\/filter><\/defs><\/svg><\/div><div class=\"fusion-title title fusion-title-3 fusion-sep-none fusion-title-text fusion-title-size-four\"><h4 class=\"fusion-title-heading title-heading-left fusion-responsive-typography-calculated\" style=\"margin:0;text-transform:capitalize;--fontSize:30;--minFontSize:30;line-height:var(--awb-typography1-line-height);\">Documenti da scaricare:<\/h4><\/div><div style=\"text-align:left;\"><a class=\"fusion-button button-flat button-large button-custom fusion-button-default button-1 fusion-button-default-span \" style=\"--button_accent_color:var(--awb-color7);--button_border_color:var(--awb-color7);--button_accent_hover_color:var(--awb-color1);--button_border_hover_color:var(--awb-color1);--button_border_width-top:1px;--button_border_width-right:1px;--button_border_width-bottom:1px;--button_border_width-left:1px;--button-border-radius-top-left:0;--button-border-radius-top-right:0;--button-border-radius-bottom-right:0;--button-border-radius-bottom-left:0;--button_gradient_top_color:rgba(255,255,255,0);--button_gradient_bottom_color:rgba(255,255,255,0);--button_gradient_top_color_hover:hsla(var(--awb-color5-h),calc(var(--awb-color5-s) - 5%),calc(var(--awb-color5-l) - 10%),var(--awb-color5-a));--button_gradient_bottom_color_hover:hsla(var(--awb-color5-h),calc(var(--awb-color5-s) - 5%),calc(var(--awb-color5-l) - 10%),var(--awb-color5-a));--button_margin-top:20px;--button_margin-bottom:40px;\" target=\"_blank\" rel=\"noopener noreferrer\" title=\"Assistenza fiscale 2024\" aria-label=\"Assistenza fiscale 2024\" href=\"https:\/\/demo.ergonstp.com\/wp-content\/uploads\/2023\/11\/Lettera-per-campagna-730_2023.pdf\"><span class=\"fusion-button-text awb-button__text awb-button__text--default\">Assistenza fiscale 2024<\/span><\/a><\/div><div style=\"text-align:left;\"><a class=\"fusion-button button-flat button-large button-custom fusion-button-default button-2 fusion-button-default-span \" style=\"--button_accent_color:var(--awb-color7);--button_border_color:var(--awb-color7);--button_accent_hover_color:var(--awb-color1);--button_border_hover_color:var(--awb-color1);--button_border_width-top:1px;--button_border_width-right:1px;--button_border_width-bottom:1px;--button_border_width-left:1px;--button-border-radius-top-left:0;--button-border-radius-top-right:0;--button-border-radius-bottom-right:0;--button-border-radius-bottom-left:0;--button_gradient_top_color:rgba(255,255,255,0);--button_gradient_bottom_color:rgba(255,255,255,0);--button_gradient_top_color_hover:hsla(var(--awb-color5-h),calc(var(--awb-color5-s) - 5%),calc(var(--awb-color5-l) - 10%),var(--awb-color5-a));--button_gradient_bottom_color_hover:hsla(var(--awb-color5-h),calc(var(--awb-color5-s) - 5%),calc(var(--awb-color5-l) - 10%),var(--awb-color5-a));--button_margin-bottom:40px;\" target=\"_blank\" rel=\"noopener noreferrer\" title=\"Elenco documenti utili\" aria-label=\"Elenco documenti utili\" href=\"https:\/\/demo.ergonstp.com\/wp-content\/uploads\/2023\/11\/Dichiarazione-senza-pensieri-730-2023-1.pdf\"><span class=\"fusion-button-text awb-button__text awb-button__text--default\">Elenco documenti utili<\/span><\/a><\/div><div style=\"text-align:left;\"><a class=\"fusion-button button-flat button-large button-custom fusion-button-default button-3 fusion-button-default-span fusion-button-default-type\" style=\"--button_accent_color:var(--awb-color7);--button_border_color:var(--awb-color7);--button_accent_hover_color:var(--awb-color1);--button_border_hover_color:var(--awb-color1);--button_border_width-top:1px;--button_border_width-right:1px;--button_border_width-bottom:1px;--button_border_width-left:1px;--button-border-radius-top-left:0;--button-border-radius-top-right:0;--button-border-radius-bottom-right:0;--button-border-radius-bottom-left:0;--button_gradient_top_color:rgba(255,255,255,0);--button_gradient_bottom_color:rgba(255,255,255,0);--button_gradient_top_color_hover:hsla(var(--awb-color5-h),calc(var(--awb-color5-s) - 5%),calc(var(--awb-color5-l) - 10%),var(--awb-color5-a));--button_gradient_bottom_color_hover:hsla(var(--awb-color5-h),calc(var(--awb-color5-s) - 5%),calc(var(--awb-color5-l) - 10%),var(--awb-color5-a));\" target=\"_blank\" rel=\"noopener noreferrer\" title=\"Delega o revoca\" aria-label=\"Delega o revoca\" href=\"https:\/\/demo.ergonstp.com\/wp-content\/uploads\/2023\/11\/delega-in-bianco-cdl-1.pdf\"><span class=\"fusion-button-text awb-button__text awb-button__text--default\">Delega o revoca<\/span><\/a><\/div><\/div><\/div><div class=\"fusion-layout-column fusion_builder_column fusion-builder-column-2 fusion_builder_column_1_2 1_2 fusion-flex-column\" style=\"--awb-bg-size:cover;--awb-width-large:50%;--awb-margin-top-large:0px;--awb-spacing-right-large:3.84%;--awb-margin-bottom-large:20px;--awb-spacing-left-large:3.84%;--awb-width-medium:50%;--awb-order-medium:0;--awb-spacing-right-medium:3.84%;--awb-spacing-left-medium:3.84%;--awb-width-small:100%;--awb-order-small:0;--awb-spacing-right-small:1.92%;--awb-spacing-left-small:1.92%;\"><div class=\"fusion-column-wrapper fusion-column-has-shadow fusion-flex-justify-content-flex-start fusion-content-layout-column\"><div class=\"fusion-reading-box-container reading-box-container-2 fusion-animated\" style=\"--awb-title-color:var(--awb-color7);--awb-margin-top:80px;--awb-margin-bottom:20px;\" data-animationType=\"slideInRight\" data-animationDuration=\"0.8\" data-animationDelay=\"0.3\" data-animationOffset=\"top-into-view\"><div class=\"reading-box\" style=\"background-color:var(--awb-color3);border-width:3px;border-color:rgba(226,226,226,0);border-left-width:3px;border-left-color:var(--primary_color);border-style:solid;\"><div class=\"reading-box-additional\">Tuttavia, a seconda della complessit\u00e0 della dichiarazione, l\u2019operatore CAF potr\u00e0 definire un importo diverso dopo il vaglio della documentazione inviataci. La tariffa comprende il visto di conformit\u00e0 che attesta, nei confronti dell\u2019Amministrazione finanziaria, la correttezza della dichiarazione unitamente all\u2019ampliamento della responsabilit\u00e0 e il diretto controllo documentale, ex art.36-ter Dpr 600\/73, in capo all\u2019intermediario.<br \/>\nSono compresi inoltre la raccolta e analisi dei documenti, assistenza mirata e servizio informazioni, compilazione, elaborazione, invio e stampa del modello, attivit\u00e0 di archiviazione elettronica, nonch\u00e9 IVA e cassa previdenziale. Per agevolare i contribuenti nella gestione del proprio modello 730, offriamo il servizio gratuito di inoltro diretto del modello ai dipendenti delle aziende convenzionate e garantiamo altres\u00ec condizioni economiche agevolate.<\/p>\n<p>Per particolari necessit\u00e0 \u00e8 possibile inviare una e-mail all\u2019indirizzo <strong><a href=\"mailto:caf@ergonstp.it\" target=\"_blank\" rel=\"noopener noreferrer\">caf@ergonstp.it<\/a><\/strong>.<\/p>\n<\/div><div class=\"fusion-clearfix\"><\/div><\/div><svg style=\"opacity:0.7;\" xmlns=\"http:\/\/www.w3.org\/2000\/svg\" version=\"1.1\" width=\"100%\" viewBox=\"0 0 600 28\" preserveAspectRatio=\"none\"><g clip-path=\"url(#a)\"><mask id=\"b\" style=\"mask-type:luminance\" maskUnits=\"userSpaceOnUse\" x=\"0\" y=\"0\" width=\"600\" height=\"28\"><path d=\"M0 0h600v28H0V0Z\" fill=\"#fff\"\/><\/mask><g filter=\"url(#c)\" mask=\"url(#b)\"><path d=\"M16.439-18.667h567.123v30.8S438.961-8.4 300-8.4C161.04-8.4 16.438 12.133 16.438 12.133v-30.8Z\" fill=\"#000\"\/><\/g><\/g><defs><clipPath id=\"a\"><path fill=\"#fff\" d=\"M0 0h600v28H0z\"\/><\/clipPath><filter id=\"c\" x=\"5.438\" y=\"-29.667\" width=\"589.123\" height=\"52.8\" filterUnits=\"userSpaceOnUse\" color-interpolation-filters=\"sRGB\"><feFlood flood-opacity=\"0\" result=\"BackgroundImageFix\"\/><feBlend in=\"SourceGraphic\" in2=\"BackgroundImageFix\" result=\"shape\"\/><feGaussianBlur stdDeviation=\"5.5\" result=\"effect1_foregroundBlur_3983_183\"\/><\/filter><\/defs><\/svg><\/div><\/div><\/div><\/div><\/div>\n","protected":false},"excerpt":{"rendered":"","protected":false},"author":1,"featured_media":0,"parent":1168,"menu_order":0,"comment_status":"closed","ping_status":"closed","template":"100-width.php","meta":{"footnotes":""},"class_list":["post-2644","page","type-page","status-publish","hentry"],"_links":{"self":[{"href":"https:\/\/demo.ergonstp.com\/index.php\/wp-json\/wp\/v2\/pages\/2644","targetHints":{"allow":["GET"]}}],"collection":[{"href":"https:\/\/demo.ergonstp.com\/index.php\/wp-json\/wp\/v2\/pages"}],"about":[{"href":"https:\/\/demo.ergonstp.com\/index.php\/wp-json\/wp\/v2\/types\/page"}],"author":[{"embeddable":true,"href":"https:\/\/demo.ergonstp.com\/index.php\/wp-json\/wp\/v2\/users\/1"}],"replies":[{"embeddable":true,"href":"https:\/\/demo.ergonstp.com\/index.php\/wp-json\/wp\/v2\/comments?post=2644"}],"version-history":[{"count":34,"href":"https:\/\/demo.ergonstp.com\/index.php\/wp-json\/wp\/v2\/pages\/2644\/revisions"}],"predecessor-version":[{"id":11899,"href":"https:\/\/demo.ergonstp.com\/index.php\/wp-json\/wp\/v2\/pages\/2644\/revisions\/11899"}],"up":[{"embeddable":true,"href":"https:\/\/demo.ergonstp.com\/index.php\/wp-json\/wp\/v2\/pages\/1168"}],"wp:attachment":[{"href":"https:\/\/demo.ergonstp.com\/index.php\/wp-json\/wp\/v2\/media?parent=2644"}],"curies":[{"name":"wp","href":"https:\/\/api.w.org\/{rel}","templated":true}]}}