{"id":10836,"date":"2024-05-23T12:27:28","date_gmt":"2024-05-23T12:27:28","guid":{"rendered":"https:\/\/demo.ergonstp.com\/?page_id=10836"},"modified":"2025-02-10T10:53:28","modified_gmt":"2025-02-10T10:53:28","slug":"lavora-con-noi","status":"publish","type":"page","link":"https:\/\/demo.ergonstp.com\/index.php\/lavora-con-noi\/","title":{"rendered":"Lavora con noi"},"content":{"rendered":"<div class=\"fusion-fullwidth fullwidth-box fusion-builder-row-1 fusion-flex-container has-pattern-background has-mask-background nonhundred-percent-fullwidth non-hundred-percent-height-scrolling\" style=\"--awb-background-position:right bottom;--awb-border-radius-top-left:0px;--awb-border-radius-top-right:0px;--awb-border-radius-bottom-right:0px;--awb-border-radius-bottom-left:0px;--awb-padding-top:20px;--awb-padding-bottom:20px;--awb-margin-top:0px;--awb-margin-bottom:0px;--awb-background-image:linear-gradient(180deg, hsla(var(--awb-color1-h),var(--awb-color1-s),var(--awb-color1-l),calc(var(--awb-color1-a) - 20%)) 0%,hsla(var(--awb-color1-h),var(--awb-color1-s),var(--awb-color1-l),calc(var(--awb-color1-a) - 20%)) 100%);--awb-flex-wrap:wrap;\" ><div class=\"awb-background-mask\" style=\"background-image:  url(data:image\/svg+xml;utf8,%3Csvg%20width%3D%221920%22%20height%3D%22954%22%20fill%3D%22none%22%20xmlns%3D%22http%3A%2F%2Fwww.w3.org%2F2000%2Fsvg%22%3E%3Cpath%20d%3D%22M1102.98%20835l69.98%20119H1033l69.98-119z%22%20fill%3D%22rgba%28244%2C244%2C244%2C1%29%22%20fill-opacity%3D%22.1%22%2F%3E%3Cpath%20d%3D%22M1382.91%20834.998l69.99%20119h-139.97l69.98-119z%22%20fill%3D%22rgba%28244%2C244%2C244%2C1%29%22%20fill-opacity%3D%22.24%22%2F%3E%3Cpath%20d%3D%22M1452.9%20954l69.98-119h-139.97l69.99%20119z%22%20fill%3D%22rgba%28244%2C244%2C244%2C1%29%22%2F%3E%3Cpath%20d%3D%22M1172.96%20954l-69.98-119h139.97l-69.99%20119z%22%20fill%3D%22rgba%28244%2C244%2C244%2C1%29%22%20fill-opacity%3D%22.4%22%2F%3E%3Cpath%20d%3D%22M1032.98%20715.941l-69.98%20119h139.96l-69.98-119z%22%20fill%3D%22rgba%28244%2C244%2C244%2C1%29%22%20fill-opacity%3D%22.12%22%2F%3E%3Cpath%20d%3D%22M1522.88%20834.998l-69.99%20119h139.97l-69.98-119z%22%20fill%3D%22rgba%28244%2C244%2C244%2C1%29%22%2F%3E%3Cpath%20d%3D%22M1172.96%20715.5l69.99%20119.5h-139.97l69.98-119.5z%22%20fill%3D%22rgba%28244%2C244%2C244%2C1%29%22%20fill-opacity%3D%22.55%22%2F%3E%3Cpath%20d%3D%22M1242.95%20835l69.98-119.5h-139.97l69.99%20119.5z%22%20fill%3D%22rgba%28244%2C244%2C244%2C1%29%22%2F%3E%3Cpath%20d%3D%22M1312.98%20953.5l69.98-119.5H1243l69.98%20119.5z%22%20fill%3D%22rgba%28244%2C244%2C244%2C1%29%22%2F%3E%3Cpath%20d%3D%22M1102.98%20834.998l69.98-119.5H1033l69.98%20119.5z%22%20fill%3D%22rgba%28244%2C244%2C244%2C1%29%22%20fill-opacity%3D%22.25%22%2F%3E%3Cpath%20d%3D%22M1312.93%20715.5L1242.95%20835h139.96l-69.98-119.5zm139.96%200L1382.91%20835h139.97l-69.99-119.5z%22%20fill%3D%22rgba%28244%2C244%2C244%2C1%29%22%2F%3E%3Cpath%20d%3D%22M1382.91%20834.998l-69.98-119.5h139.97l-69.99%20119.5z%22%20fill%3D%22rgba%28244%2C244%2C244%2C1%29%22%20fill-opacity%3D%22.85%22%2F%3E%3Cpath%20d%3D%22M1172.96%20596.5l69.99%20119h-139.97l69.98-119z%22%20fill%3D%22rgba%28244%2C244%2C244%2C1%29%22%20fill-opacity%3D%22.75%22%2F%3E%3Cpath%20d%3D%22M1522.88%20834.998l69.98-119.5H1452.9l69.98%20119.5z%22%20fill%3D%22rgba%28244%2C244%2C244%2C1%29%22%2F%3E%3Cpath%20d%3D%22M1242.95%20715.5l69.98-119h-139.97l69.99%20119z%22%20fill%3D%22rgba%28244%2C244%2C244%2C1%29%22%20fill-opacity%3D%22.85%22%2F%3E%3Cpath%20d%3D%22M1452.9%20596.5l69.98%20119h-139.97l69.99-119z%22%20fill%3D%22rgba%28244%2C244%2C244%2C1%29%22%2F%3E%3Cpath%20d%3D%22M1522.88%20715.5l69.98-119H1452.9l69.98%20119zm-209.95-119l69.98%20119h-139.96l69.98-119z%22%20fill%3D%22rgba%28244%2C244%2C244%2C1%29%22%2F%3E%3Cpath%20d%3D%22M1382.91%20715.5l69.99-119h-139.97l69.98%20119z%22%20fill%3D%22rgba%28244%2C244%2C244%2C1%29%22%2F%3E%3Cpath%20d%3D%22M1242.98%20596.5l69.98-119.5H1173l69.98%20119.5z%22%20fill%3D%22rgba%28244%2C244%2C244%2C1%29%22%20fill-opacity%3D%22.7%22%2F%3E%3Cpath%20d%3D%22M1032.98%20477l69.98%20119.5H963l69.98-119.5z%22%20fill%3D%22rgba%28244%2C244%2C244%2C1%29%22%20fill-opacity%3D%22.05%22%2F%3E%3Cpath%20d%3D%22M1452.9%20477l69.98%20119.5h-139.97L1452.9%20477z%22%20fill%3D%22rgba%28244%2C244%2C244%2C1%29%22%2F%3E%3Cpath%20d%3D%22M1522.88%20596.5l69.98-119.5H1452.9l69.98%20119.5z%22%20fill%3D%22rgba%28244%2C244%2C244%2C1%29%22%2F%3E%3Cpath%20d%3D%22M1312.93%20477l69.98%20119.5h-139.96l69.98-119.5z%22%20fill%3D%22rgba%28244%2C244%2C244%2C1%29%22%20fill-opacity%3D%22.9%22%2F%3E%3Cpath%20d%3D%22M1382.91%20596.5L1452.9%20477h-139.97l69.98%20119.5z%22%20fill%3D%22rgba%28244%2C244%2C244%2C1%29%22%2F%3E%3Cpath%20d%3D%22M1102.98%20119.002l69.98-119H1033l69.98%20119z%22%20fill%3D%22rgba%28244%2C244%2C244%2C1%29%22%20fill-opacity%3D%22.1%22%2F%3E%3Cpath%20d%3D%22M1452.89%200l69.99%20119h-139.97l69.98-119zm-209.94%20119l69.98-119h-139.97l69.99%20119z%22%20fill%3D%22rgba%28244%2C244%2C244%2C1%29%22%2F%3E%3Cpath%20d%3D%22M1382.98%20119l69.98-119H1313l69.98%20119z%22%20fill%3D%22rgba%28244%2C244%2C244%2C1%29%22%2F%3E%3Cpath%20d%3D%22M1312.93%200l69.98%20119h-139.96l69.98-119z%22%20fill%3D%22rgba%28244%2C244%2C244%2C1%29%22%20fill-opacity%3D%22.7%22%2F%3E%3Cpath%20d%3D%22M1172.96%200l-69.98%20119h139.97L1172.96%200z%22%20fill%3D%22rgba%28244%2C244%2C244%2C1%29%22%20fill-opacity%3D%22.25%22%2F%3E%3Cpath%20d%3D%22M1522.88%20119.002l-69.99-119h139.97l-69.98%20119zM1242.96%20119l69.99%20119.5h-139.97l69.98-119.5z%22%20fill%3D%22rgba%28244%2C244%2C244%2C1%29%22%2F%3E%3Cpath%20d%3D%22M1172.98%20238.5l69.98-119.5H1103l69.98%20119.5z%22%20fill%3D%22rgba%28244%2C244%2C244%2C1%29%22%20fill-opacity%3D%22.42%22%2F%3E%3Cpath%20d%3D%22M1032.98%20238.5l69.98-119.5H963l69.98%20119.5z%22%20fill%3D%22rgba%28244%2C244%2C244%2C1%29%22%20fill-opacity%3D%22.24%22%2F%3E%3Cpath%20d%3D%22M1312.93%20238.5L1242.95%20119h139.96l-69.98%20119.5zm139.96%200L1382.91%20119h139.97l-69.99%20119.5zm-69.98-119.498l-69.98%20119.5h139.96l-69.98-119.5z%22%20fill%3D%22rgba%28244%2C244%2C244%2C1%29%22%2F%3E%3Cpath%20d%3D%22M1172.96%20357.5l69.99-119h-139.97l69.98%20119z%22%20fill%3D%22rgba%28244%2C244%2C244%2C1%29%22%20fill-opacity%3D%22.15%22%2F%3E%3Cpath%20d%3D%22M1522.88%20119.002l69.98%20119.5h-139.97l69.99-119.5z%22%20fill%3D%22rgba%28244%2C244%2C244%2C1%29%22%2F%3E%3Cpath%20d%3D%22M1242.95%20238.5l69.98%20119h-139.97l69.99-119z%22%20fill%3D%22rgba%28244%2C244%2C244%2C1%29%22%20fill-opacity%3D%22.65%22%2F%3E%3Cpath%20d%3D%22M1452.89%20357.5l69.99-119h-139.97l69.98%20119zm69.99-119l69.98%20119h-139.97l69.99-119zm-209.95%20119l69.98-119h-139.96l69.98%20119z%22%20fill%3D%22rgba%28244%2C244%2C244%2C1%29%22%2F%3E%3Cpath%20d%3D%22M1382.91%20238.5l69.98%20119h-139.96l69.98-119z%22%20fill%3D%22rgba%28244%2C244%2C244%2C1%29%22%2F%3E%3Cpath%20d%3D%22M1102.98%20357.5l69.98%20119.5H1033l69.98-119.5z%22%20fill%3D%22rgba%28244%2C244%2C244%2C1%29%22%20fill-opacity%3D%22.3%22%2F%3E%3Cpath%20d%3D%22M1312.98%20477l69.98-119.5H1243l69.98%20119.5z%22%20fill%3D%22rgba%28244%2C244%2C244%2C1%29%22%20fill-opacity%3D%22.85%22%2F%3E%3Cpath%20d%3D%22M1172.96%20477l69.99-119.5h-139.97l69.98%20119.5z%22%20fill%3D%22rgba%28244%2C244%2C244%2C1%29%22%20fill-opacity%3D%22.75%22%2F%3E%3Cpath%20d%3D%22M1452.89%20477l69.99-119.5h-139.97l69.98%20119.5zm69.99-119.5l69.98%20119.5h-139.97l69.99-119.5z%22%20fill%3D%22rgba%28244%2C244%2C244%2C1%29%22%2F%3E%3Cpath%20d%3D%22M1382.91%20357.5l69.98%20119.5h-139.96l69.98-119.5zM1490%200h430v954h-430V0z%22%20fill%3D%22rgba%28244%2C244%2C244%2C1%29%22%2F%3E%3C%2Fsvg%3E);opacity: 1 ;transform: scale(1, -1);mix-blend-mode:normal;\"><\/div><div class=\"fusion-builder-row fusion-row fusion-flex-align-items-flex-start fusion-flex-content-wrap\" style=\"max-width:1352px;margin-left: calc(-4% \/ 2 );margin-right: calc(-4% \/ 2 );\"><div class=\"fusion-layout-column fusion_builder_column fusion-builder-column-0 fusion_builder_column_1_1 1_1 fusion-flex-column\" style=\"--awb-bg-size:cover;--awb-border-color:var(--awb-color3);--awb-border-style:solid;--awb-width-large:100%;--awb-margin-top-large:0px;--awb-spacing-right-large:1.92%;--awb-margin-bottom-large:0px;--awb-spacing-left-large:1.92%;--awb-width-medium:100%;--awb-order-medium:0;--awb-spacing-right-medium:1.92%;--awb-spacing-left-medium:1.92%;--awb-width-small:100%;--awb-order-small:0;--awb-spacing-right-small:1.92%;--awb-spacing-left-small:1.92%;\"><div class=\"fusion-column-wrapper fusion-column-has-shadow fusion-flex-justify-content-flex-start fusion-content-layout-column\"><div class=\"fusion-builder-row fusion-builder-row-inner fusion-row fusion-flex-align-items-flex-start fusion-flex-content-wrap\" style=\"width:104% !important;max-width:104% !important;margin-left: calc(-4% \/ 2 );margin-right: calc(-4% \/ 2 );\"><div class=\"fusion-layout-column fusion_builder_column_inner fusion-builder-nested-column-0 fusion_builder_column_inner_1_2 1_2 fusion-flex-column fusion-flex-align-self-stretch\" style=\"--awb-bg-size:cover;--awb-width-large:50%;--awb-margin-top-large:0px;--awb-spacing-right-large:3.84%;--awb-margin-bottom-large:0px;--awb-spacing-left-large:3.84%;--awb-width-medium:50%;--awb-order-medium:0;--awb-spacing-right-medium:3.84%;--awb-spacing-left-medium:3.84%;--awb-width-small:100%;--awb-order-small:0;--awb-spacing-right-small:1.92%;--awb-spacing-left-small:1.92%;\"><div class=\"fusion-column-wrapper fusion-column-has-shadow fusion-flex-justify-content-center fusion-content-layout-column\"><div class=\"fusion-title title fusion-title-1 fusion-sep-none fusion-title-text fusion-title-size-four\"><h4 class=\"fusion-title-heading title-heading-left fusion-responsive-typography-calculated\" style=\"margin:0;text-transform:capitalize;--fontSize:30;--minFontSize:30;line-height:var(--awb-typography1-line-height);\">Potete inviarci la vostra candidatura a<\/h4><\/div><div class=\"fusion-content-boxes content-boxes columns row fusion-columns-1 fusion-columns-total-1 fusion-content-boxes-1 content-boxes-icon-on-side content-left\" style=\"--awb-margin-top:20px;--awb-hover-accent-color:var(--awb-color5);--awb-circle-hover-accent-color:var(--awb-color5);--awb-item-margin-bottom:40px;\" data-animationOffset=\"top-into-view\"><div style=\"--awb-backgroundcolor:hsla(var(--awb-color1-h),var(--awb-color1-s),var(--awb-color1-l),calc(var(--awb-color1-a) - 100%));--awb-iconcolor:var(--awb-color4);--awb-content-padding-left:100px;\" class=\"fusion-column content-box-column content-box-column content-box-column-1 col-lg-12 col-md-12 col-sm-12 fusion-content-box-hover content-box-column-last content-box-column-last-in-row\"><div class=\"col content-box-wrapper content-wrapper link-area-link-icon link-type-text icon-hover-animation-fade\" data-animationOffset=\"top-into-view\"><div class=\"heading heading-with-icon icon-left\"><a class=\"heading-link\" href=\"mailto:selezione@ergonstp.it\" target=\"_blank\" rel=\"noopener noreferrer\"><div class=\"icon\"><i style=\"border-color:var(--awb-color8);border-width:0px;background-color:var(--awb-color2);box-sizing:content-box;height:80px;width:80px;line-height:80px;border-radius:50%;font-size:40px;\" aria-hidden=\"true\" class=\"fontawesome-icon awb-cardealership-envelope-solid circle-yes\"><\/i><\/div><h5 class=\"content-box-heading fusion-responsive-typography-calculated\" style=\"--h5_typography-font-size:24px;--fontSize:24;line-height:var(--awb-typography1-line-height);padding-left:100px;\">selezione@ergonstp.it<\/h5><\/a><\/div><div class=\"fusion-clearfix\"><\/div><div class=\"content-container\">\n<p>Vuoi lavorare con noi? Scrivici una email<\/p>\n<\/div><\/div><\/div><div class=\"fusion-clearfix\"><\/div><\/div><div class=\"fusion-text fusion-text-1\"><h6>Indicate nella email la posizione di vostro interesse ed un nostro incaricato vi contatter\u00e0 per un colloquio conoscitivo.<\/h6>\n<\/div><div class=\"fusion-text fusion-text-2\"><p>Posizioni aperte per il 2025:<\/p>\n<\/div><ul style=\"--awb-iconcolor:var(--awb-color4);--awb-line-height:30.6px;--awb-icon-width:30.6px;--awb-icon-height:30.6px;--awb-icon-margin:12.6px;--awb-content-margin:43.2px;\" class=\"fusion-checklist fusion-checklist-1 fusion-checklist-default type-icons\"><li class=\"fusion-li-item\" style=\"\"><span class=\"icon-wrapper circle-no\"><i class=\"fusion-li-icon fa-circle fas\" aria-hidden=\"true\"><\/i><\/span><div class=\"fusion-li-item-content\">\n<p>Consulente del lavoro senior:<\/p>\n<p>\u00e8 un professionista con propria clientela che decide di entrare in ergon, ovvero cedere tutta o parte della propria struttura, sono sempre ricercate sedi in tutta italia. Viene offerto mantenimento propria clientela, servizi centrali (segreteria, informatica, assistenza, sw paghe, etc.), know how e sviluppo nuove attivit\u00e0, garantito aumento redditivit\u00e0 dello studio. Assicurata massima riservatezza scrivere a: <a href=\"mailto:massimo.iesu@ergonstp.it\">massimo.iesu@ergonstp.it<\/a><\/p>\n<\/div><\/li><li class=\"fusion-li-item\" style=\"\"><span class=\"icon-wrapper circle-no\"><i class=\"fusion-li-icon fa-circle fas\" aria-hidden=\"true\"><\/i><\/span><div class=\"fusion-li-item-content\">\n<p>Consulente del lavoro junior:<\/p>\n<p>\u00e8 un professionista iscritto all\u2019albo, da poco, che ha maturato esperienza in studi professionali o associazioni di categoria anche come dipendente. E\u2019 previsto un inserimento economico base e struttura premiale in base alle attivit\u00e0 svolte. Scrivere a: <a href=\"mailto:erika.damiani@ergonstp.it\">erika.damiani@ergonstp.it<\/a> o <a href=\"mailto:martina.iesu@ergonstp.it\">martina.iesu@ergonstp.it<\/a><\/p>\n<\/div><\/li><li class=\"fusion-li-item\" style=\"\"><span class=\"icon-wrapper circle-no\"><i class=\"fusion-li-icon fa-circle fas\" aria-hidden=\"true\"><\/i><\/span><div class=\"fusion-li-item-content\">\n<p>Payroll specialist:<\/p>\n<p>\u00e8 un collaboratore con esperienza pluriennale maturata in studi ovvero associazioni di categoria. Capace di svolgere in autonomia il lavoro assegnato (amministrazione del personale), rapportandosi direttamente con clienti di buona dimensione organizzativa e complessit\u00e0 gestionali. Garantito trattamento economico adeguato, partecipazione al welfare aziendale e premialit\u00e0. Previste giornate di smart working. Scrivere a: <a href=\"mailto:erika.damiani@ergonstp.it\">erika.damiani@ergonstp.it<\/a> o <a href=\"mailto:massimo.iesu@ergonstp.it\">martina.iesu@ergonstp.it<\/a><\/p>\n<\/div><\/li><li class=\"fusion-li-item\" style=\"\"><span class=\"icon-wrapper circle-no\"><i class=\"fusion-li-icon fa-circle fas\" aria-hidden=\"true\"><\/i><\/span><div class=\"fusion-li-item-content\">\n<p>Addetto marketing digitale e comunicazione:<\/p>\n<p>posizione di lavoro offerta a giovani con capacit\u00e0 di uso delle varie tecnologie di comunicazione e operativit\u00e0 sui social dove \u00e8 presente la societ\u00e0. Il candidato, rapportandosi con la propriet\u00e0, sviluppa e segue i piani di comunicazione e marketing curando presenza e immagine aziendale. Massima autonomia e possibilit\u00e0 di lavoro, anche da remoto, come collaboratore autonomo in quanto il lavoro non \u00e8 a tempo pieno. Scrivere a: <a href=\"mailto:massimo.iesu@ergonstp.it\">massimo.iesu@ergonstp.it<\/a><\/p>\n<\/div><\/li><\/ul><\/div><\/div><div class=\"fusion-layout-column fusion_builder_column_inner fusion-builder-nested-column-1 fusion_builder_column_inner_1_2 1_2 fusion-flex-column fusion-flex-align-self-flex-start\" style=\"--awb-bg-image:linear-gradient(180deg, rgba(255,255,255,0) 50%,var(--awb-color4) 100%);;--awb-bg-size:cover;--awb-width-large:50%;--awb-margin-top-large:0px;--awb-spacing-right-large:3.84%;--awb-margin-bottom-large:0px;--awb-spacing-left-large:3.84%;--awb-width-medium:50%;--awb-order-medium:0;--awb-spacing-right-medium:3.84%;--awb-spacing-left-medium:3.84%;--awb-width-small:100%;--awb-order-small:0;--awb-spacing-right-small:1.92%;--awb-spacing-left-small:1.92%;\" data-scroll-devices=\"small-visibility,medium-visibility,large-visibility\"><div class=\"fusion-column-wrapper lazyload fusion-column-has-shadow fusion-flex-justify-content-flex-start fusion-content-layout-column fusion-empty-column-bg-image fusion-column-has-bg-image\" data-bg-url=\"https:\/\/demo.ergonstp.com\/wp-content\/uploads\/2024\/05\/pulisecco.jpg\" data-bg=\"https:\/\/demo.ergonstp.com\/wp-content\/uploads\/2024\/05\/pulisecco.jpg\" data-bg-gradient=\"linear-gradient(180deg, rgba(255,255,255,0) 50%,var(--awb-color4) 100%)\"><img decoding=\"async\" class=\"fusion-empty-dims-img-placeholder\" aria-label=\"pulisecco\" src=\"data:image\/svg+xml,%3Csvg%20xmlns%3D%27http%3A%2F%2Fwww.w3.org%2F2000%2Fsvg%27%20width%3D%27860%27%20height%3D%27692%27%20viewBox%3D%270%200%20860%20692%27%3E%3Crect%20width%3D%27860%27%20height%3D%27692%27%20fill-opacity%3D%220%22%2F%3E%3C%2Fsvg%3E\"><\/div><\/div><\/div><\/div><\/div><\/div><\/div>\n","protected":false},"excerpt":{"rendered":"","protected":false},"author":1,"featured_media":0,"parent":0,"menu_order":0,"comment_status":"closed","ping_status":"closed","template":"100-width.php","meta":{"footnotes":""},"class_list":["post-10836","page","type-page","status-publish","hentry"],"_links":{"self":[{"href":"https:\/\/demo.ergonstp.com\/index.php\/wp-json\/wp\/v2\/pages\/10836","targetHints":{"allow":["GET"]}}],"collection":[{"href":"https:\/\/demo.ergonstp.com\/index.php\/wp-json\/wp\/v2\/pages"}],"about":[{"href":"https:\/\/demo.ergonstp.com\/index.php\/wp-json\/wp\/v2\/types\/page"}],"author":[{"embeddable":true,"href":"https:\/\/demo.ergonstp.com\/index.php\/wp-json\/wp\/v2\/users\/1"}],"replies":[{"embeddable":true,"href":"https:\/\/demo.ergonstp.com\/index.php\/wp-json\/wp\/v2\/comments?post=10836"}],"version-history":[{"count":16,"href":"https:\/\/demo.ergonstp.com\/index.php\/wp-json\/wp\/v2\/pages\/10836\/revisions"}],"predecessor-version":[{"id":11791,"href":"https:\/\/demo.ergonstp.com\/index.php\/wp-json\/wp\/v2\/pages\/10836\/revisions\/11791"}],"wp:attachment":[{"href":"https:\/\/demo.ergonstp.com\/index.php\/wp-json\/wp\/v2\/media?parent=10836"}],"curies":[{"name":"wp","href":"https:\/\/api.w.org\/{rel}","templated":true}]}}